{"id":3270,"date":"2021-09-17T07:29:51","date_gmt":"2021-09-17T07:29:51","guid":{"rendered":"https:\/\/principesdeparis.es\/principes\/?page_id=3270"},"modified":"2021-09-17T07:29:51","modified_gmt":"2021-09-17T07:29:51","slug":"ander-herrera-estamos-en-conversaciones-pero-comprar-el-club-son-palabras-mayores","status":"publish","type":"page","link":"https:\/\/principesdeparis.es\/principes\/ander-herrera-estamos-en-conversaciones-pero-comprar-el-club-son-palabras-mayores\/","title":{"rendered":"Ander Herrera: \u00abEstamos en conversaciones, pero comprar el club son palabras mayores\u00bb"},"content":{"rendered":"<p>El jugador del Paris Saint Germain habl\u00f3 anoche para el programa el Larguero de la Cadena Ser y se manifest\u00f3 sobre el inter\u00e9s que tienen en entrar en el Real Zaragoza, pero matiz\u00f3 que su aportaci\u00f3n se desmarca por completo como accionista mayoritario de la sociedad. \u00abComprar el club son palabras mayores, ojal\u00e1 pueda poner mi granito de arena y convertirme en accionista del club. Estamos en conversaciones para ello pero hay que matizar lo que se dice con lo de la compra\u00bb, explic\u00f3 el centrocampista.<\/p>\n<p>&nbsp;<\/p>\n<p><iframe width=\"560\" height=\"315\" src=\"https:\/\/www.youtube.com\/embed\/mTI4XmuRriU\" title=\"YouTube video player\" frameborder=\"0\" allow=\"accelerometer; autoplay; clipboard-write; encrypted-media; gyroscope; picture-in-picture\" allowfullscreen><\/iframe><\/p>\n","protected":false},"excerpt":{"rendered":"<p>El jugador del Paris Saint Germain habl\u00f3 anoche para el programa el Larguero de la Cadena Ser y se manifest\u00f3 sobre el inter\u00e9s que tienen en entrar en el Real Zaragoza, pero matiz\u00f3 que su aportaci\u00f3n se desmarca por completo como accionista mayoritario de la sociedad. \u00abComprar el club son <a class=\"read-more\" href=\"https:\/\/principesdeparis.es\/principes\/ander-herrera-estamos-en-conversaciones-pero-comprar-el-club-son-palabras-mayores\/\">Sigue leyendo<\/a><\/p>\n","protected":false},"author":2,"featured_media":3271,"parent":0,"menu_order":0,"comment_status":"closed","ping_status":"closed","template":"","meta":[],"_links":{"self":[{"href":"https:\/\/principesdeparis.es\/principes\/wp-json\/wp\/v2\/pages\/3270"}],"collection":[{"href":"https:\/\/principesdeparis.es\/principes\/wp-json\/wp\/v2\/pages"}],"about":[{"href":"https:\/\/principesdeparis.es\/principes\/wp-json\/wp\/v2\/types\/page"}],"author":[{"embeddable":true,"href":"https:\/\/principesdeparis.es\/principes\/wp-json\/wp\/v2\/users\/2"}],"replies":[{"embeddable":true,"href":"https:\/\/principesdeparis.es\/principes\/wp-json\/wp\/v2\/comments?post=3270"}],"version-history":[{"count":1,"href":"https:\/\/principesdeparis.es\/principes\/wp-json\/wp\/v2\/pages\/3270\/revisions"}],"predecessor-version":[{"id":3272,"href":"https:\/\/principesdeparis.es\/principes\/wp-json\/wp\/v2\/pages\/3270\/revisions\/3272"}],"wp:featuredmedia":[{"embeddable":true,"href":"https:\/\/principesdeparis.es\/principes\/wp-json\/wp\/v2\/media\/3271"}],"wp:attachment":[{"href":"https:\/\/principesdeparis.es\/principes\/wp-json\/wp\/v2\/media?parent=3270"}],"curies":[{"name":"wp","href":"https:\/\/api.w.org\/{rel}","templated":true}]}}